{"id":7158,"date":"2012-02-27T14:36:13","date_gmt":"2012-02-27T16:36:13","guid":{"rendered":"http:\/\/www.encontrasantoamaro.com.br\/blog\/?page_id=7158"},"modified":"2013-08-14T14:32:25","modified_gmt":"2013-08-14T16:32:25","slug":"sobre-o-blog","status":"publish","type":"page","link":"https:\/\/www.encontrasantoamaro.com.br\/blog\/sobre-o-blog\/","title":{"rendered":"Sobre o blog"},"content":{"rendered":"<p><strong>SOBRE O ENCONTRA S\u00c3O PAULO\u2026\u2026\u2026\u2026\u2026\u2026\u2026\u2026\u2026\u2026\u2026\u2026\u2026\u2026.<\/strong><\/p>\n<p><strong><\/strong>O\u00a0<strong>Encontra S\u00e3o Paulo<\/strong>\u00a0\u00e9 um guia que re\u00fane informa\u00e7\u00f5es de empresas e prestadores de servi\u00e7os instalados em todas as regi\u00f5es do estado de S\u00e3o Paulo.\u00a0As p\u00e1ginas do Encontra S\u00e3o Paulo englobam mais de 2 milh\u00f5es de com\u00e9rcios de diversos segmentos divididos em categorias de A a Z.<\/p>\n<p>Al\u00e9m dos sites, desde 2008 o Encontra S\u00e3o Paulo mant\u00e9m uma rede de mais de 200 blogs de not\u00edcias com conte\u00fado atualizado diariamente.<\/p>\n<p>As publica\u00e7\u00f5es dos blogs abrangem not\u00edcias, eventos culturais, dicas de empregos, shows, cursos, al\u00e9m de um espa\u00e7o direcionado \u00e0 participa\u00e7\u00e3o dos moradores.<\/p>\n<p><strong>ENVIAR NOT\u00cdCIAS<\/strong>:<strong>\u2026\u2026\u2026\u2026\u2026\u2026\u2026\u2026\u2026\u2026\u2026\u2026\u2026\u2026\u2026\u2026\u2026\u2026\u2026\u2026\u2026<wbr>..<\/wbr><\/strong><\/p>\n<p><strong><\/strong>O e-mail para envio \u00e9:\u00a0<\/p>\n<p><strong>CONTATOS<\/strong>:<strong>\u2026\u2026\u2026\u2026\u2026\u2026\u2026\u2026\u2026\u2026<\/strong><\/p>\n<p><strong><\/strong>Telefones:\u00a0(11) 3731-5468\u00a0| 3445-1003<br \/>\nE-mail:\u00a0<\/p>\n","protected":false},"excerpt":{"rendered":"<p>SOBRE O ENCONTRA S\u00c3O PAULO\u2026\u2026\u2026\u2026\u2026\u2026\u2026\u2026\u2026\u2026\u2026\u2026\u2026\u2026. O\u00a0Encontra S\u00e3o Paulo\u00a0\u00e9 um guia que re\u00fane informa\u00e7\u00f5es de empresas e prestadores de servi\u00e7os instalados em todas as regi\u00f5es do estado de S\u00e3o Paulo.\u00a0As p\u00e1ginas do Encontra S\u00e3o Paulo englobam mais de 2 milh\u00f5es de com\u00e9rcios de diversos segmentos divididos em categorias de A a Z. Al\u00e9m dos sites, desde [&hellip;]<\/p>\n","protected":false},"author":1,"featured_media":0,"parent":0,"menu_order":0,"comment_status":"open","ping_status":"open","template":"","meta":{"footnotes":""},"class_list":["post-7158","page","type-page","status-publish","hentry"],"_links":{"self":[{"href":"https:\/\/www.encontrasantoamaro.com.br\/blog\/wp-json\/wp\/v2\/pages\/7158","targetHints":{"allow":["GET"]}}],"collection":[{"href":"https:\/\/www.encontrasantoamaro.com.br\/blog\/wp-json\/wp\/v2\/pages"}],"about":[{"href":"https:\/\/www.encontrasantoamaro.com.br\/blog\/wp-json\/wp\/v2\/types\/page"}],"author":[{"embeddable":true,"href":"https:\/\/www.encontrasantoamaro.com.br\/blog\/wp-json\/wp\/v2\/users\/1"}],"replies":[{"embeddable":true,"href":"https:\/\/www.encontrasantoamaro.com.br\/blog\/wp-json\/wp\/v2\/comments?post=7158"}],"version-history":[{"count":0,"href":"https:\/\/www.encontrasantoamaro.com.br\/blog\/wp-json\/wp\/v2\/pages\/7158\/revisions"}],"wp:attachment":[{"href":"https:\/\/www.encontrasantoamaro.com.br\/blog\/wp-json\/wp\/v2\/media?parent=7158"}],"curies":[{"name":"wp","href":"https:\/\/api.w.org\/{rel}","templated":true}]}}