{"id":7156,"date":"2012-02-27T14:35:52","date_gmt":"2012-02-27T16:35:52","guid":{"rendered":"http:\/\/www.encontrasantoamaro.com.br\/blog\/?page_id=7156"},"modified":"2014-03-18T17:07:26","modified_gmt":"2014-03-18T19:07:26","slug":"envie-noticia","status":"publish","type":"page","link":"https:\/\/www.encontrasantoamaro.com.br\/blog\/envie-noticia\/","title":{"rendered":"Envie not\u00edcia"},"content":{"rendered":"<p>Qualquer pessoa ou institui\u00e7\u00e3o pode participar do blog enviando:<\/p>\n<p><strong>\u00bb Not\u00edcias:\u00a0<\/strong>qualquer assunto ou not\u00edcia relevante relacionado ao bairro.<br \/>\n<strong>\u00bb Eventos e Cursos:<\/strong>\u00a0feiras, shows ou qualquer outro evento no bairro.<br \/>\n<strong>\u00bb Recomenda\u00e7\u00f5es:<\/strong>\u00a0dicas de com\u00e9rcios, servi\u00e7os ou lazer no bairro.<br \/>\n<strong>\u00bb Sugest\u00f5es e Reclama\u00e7\u00f5es:<\/strong>\u00a0fatos que dizem respeito ao bairro.<br \/>\n<strong>\u00bb Espa\u00e7o Morador:<\/strong>\u00a0assuntos ou ideias a serem implantadas no bairro.<\/p>\n<p><strong>COMO ENVIAR NOT\u00cdCIAS:\u2026\u2026\u2026\u2026\u2026\u2026\u2026\u2026\u2026\u2026\u2026\u2026\u2026\u2026\u2026\u2026\u2026\u2026\u2026\u2026\u2026<\/strong><\/p>\n<p>O e-mail para envio \u00e9:\u00a0<img loading=\"lazy\" decoding=\"async\" class=\"alignnone\" alt=\"\" src=\"http:\/\/www.encontrasaopaulo.com.br\/imgs\/email-encontra-blog.jpg\" width=\"174\" height=\"22\" \/><\/p>\n","protected":false},"excerpt":{"rendered":"<p>Qualquer pessoa ou institui\u00e7\u00e3o pode participar do blog enviando: \u00bb Not\u00edcias:\u00a0qualquer assunto ou not\u00edcia relevante relacionado ao bairro. \u00bb Eventos e Cursos:\u00a0feiras, shows ou qualquer outro evento no bairro. \u00bb Recomenda\u00e7\u00f5es:\u00a0dicas de com\u00e9rcios, servi\u00e7os ou lazer no bairro. \u00bb Sugest\u00f5es e Reclama\u00e7\u00f5es:\u00a0fatos que dizem respeito ao bairro. \u00bb Espa\u00e7o Morador:\u00a0assuntos ou ideias a serem implantadas [&hellip;]<\/p>\n","protected":false},"author":1,"featured_media":0,"parent":0,"menu_order":0,"comment_status":"open","ping_status":"open","template":"","meta":{"footnotes":""},"class_list":["post-7156","page","type-page","status-publish","hentry"],"_links":{"self":[{"href":"https:\/\/www.encontrasantoamaro.com.br\/blog\/wp-json\/wp\/v2\/pages\/7156","targetHints":{"allow":["GET"]}}],"collection":[{"href":"https:\/\/www.encontrasantoamaro.com.br\/blog\/wp-json\/wp\/v2\/pages"}],"about":[{"href":"https:\/\/www.encontrasantoamaro.com.br\/blog\/wp-json\/wp\/v2\/types\/page"}],"author":[{"embeddable":true,"href":"https:\/\/www.encontrasantoamaro.com.br\/blog\/wp-json\/wp\/v2\/users\/1"}],"replies":[{"embeddable":true,"href":"https:\/\/www.encontrasantoamaro.com.br\/blog\/wp-json\/wp\/v2\/comments?post=7156"}],"version-history":[{"count":0,"href":"https:\/\/www.encontrasantoamaro.com.br\/blog\/wp-json\/wp\/v2\/pages\/7156\/revisions"}],"wp:attachment":[{"href":"https:\/\/www.encontrasantoamaro.com.br\/blog\/wp-json\/wp\/v2\/media?parent=7156"}],"curies":[{"name":"wp","href":"https:\/\/api.w.org\/{rel}","templated":true}]}}